{"id":10,"date":"2020-06-25T19:20:10","date_gmt":"2020-06-25T19:20:10","guid":{"rendered":"https:\/\/www.yvonne.photo\/?page_id=10"},"modified":"2020-08-01T12:43:04","modified_gmt":"2020-08-01T12:43:04","slug":"ueber-uns","status":"publish","type":"page","link":"https:\/\/www.yvonne.photo\/?page_id=10","title":{"rendered":"\u00dcber mich"},"content":{"rendered":"<figure id=\"attachment_165\" aria-describedby=\"caption-attachment-165\" style=\"width: 300px\" class=\"wp-caption alignright\"><img loading=\"lazy\" decoding=\"async\" class=\"size-medium wp-image-165\" src=\"https:\/\/www.yvonne.photo\/wp-content\/uploads\/2020\/08\/150426_YG_7376-300x200.jpg\" alt=\"\" width=\"300\" height=\"200\" srcset=\"https:\/\/www.yvonne.photo\/wp-content\/uploads\/2020\/08\/150426_YG_7376-300x200.jpg 300w, https:\/\/www.yvonne.photo\/wp-content\/uploads\/2020\/08\/150426_YG_7376-1024x683.jpg 1024w, https:\/\/www.yvonne.photo\/wp-content\/uploads\/2020\/08\/150426_YG_7376-768x512.jpg 768w, https:\/\/www.yvonne.photo\/wp-content\/uploads\/2020\/08\/150426_YG_7376-1536x1024.jpg 1536w, https:\/\/www.yvonne.photo\/wp-content\/uploads\/2020\/08\/150426_YG_7376-2048x1365.jpg 2048w\" sizes=\"auto, (max-width: 300px) 100vw, 300px\" \/><figcaption id=\"caption-attachment-165\" class=\"wp-caption-text\">Yvonne Gottschlich<\/figcaption><\/figure>\n<p>Yvonne Gottschlich ist seit \u00fcber 20 Jahren mit den Kameras im Kreis Herford und OWL unterwegs.<\/p>\n<p>Die ausgebildete Fachangestellte f\u00fcr Medien- und Informationsdienste fotografiert, filmt, berichtet und begleitet Spiele, Wettk\u00e4mpfe, Begegnungen oder Events. Ob \u00f6ffentliche Party oder ein famili\u00e4res Treffen? Es geht um den Moment, die Emotion, die Erinnerung!<\/p>\n<p>Egal welche Sportart, von der Kreisliga bis zur Bundesliga, vom Testspiel bis zur Entscheidung. Ob Bild oder Text, Video oder Liveticker, immer das, was du ben\u00f6tigst.<\/p>\n<p>Nah dran, aber immer respektvoll und ehrlich.<\/p>\n","protected":false},"excerpt":{"rendered":"<p>Yvonne Gottschlich ist seit \u00fcber 20 Jahren mit den Kameras im Kreis Herford und OWL unterwegs. Die ausgebildete Fachangestellte f\u00fcr Medien- und Informationsdienste fotografiert, filmt, berichtet und begleitet Spiele, Wettk\u00e4mpfe, Begegnungen oder Events. Ob \u00f6ffentliche Party oder ein famili\u00e4res Treffen? Es geht um den Moment, die Emotion, die Erinnerung! Egal welche Sportart, von der Kreisliga &hellip; <\/p>\n<p class=\"link-more\"><a href=\"https:\/\/www.yvonne.photo\/?page_id=10\" class=\"more-link\"><span class=\"screen-reader-text\">\u201e\u00dcber mich\u201c <\/span>weiterlesen<\/a><\/p>\n","protected":false},"author":1,"featured_media":46,"parent":0,"menu_order":2,"comment_status":"closed","ping_status":"closed","template":"","meta":{"footnotes":""},"class_list":["post-10","page","type-page","status-publish","has-post-thumbnail","hentry"],"_links":{"self":[{"href":"https:\/\/www.yvonne.photo\/index.php?rest_route=\/wp\/v2\/pages\/10","targetHints":{"allow":["GET"]}}],"collection":[{"href":"https:\/\/www.yvonne.photo\/index.php?rest_route=\/wp\/v2\/pages"}],"about":[{"href":"https:\/\/www.yvonne.photo\/index.php?rest_route=\/wp\/v2\/types\/page"}],"author":[{"embeddable":true,"href":"https:\/\/www.yvonne.photo\/index.php?rest_route=\/wp\/v2\/users\/1"}],"replies":[{"embeddable":true,"href":"https:\/\/www.yvonne.photo\/index.php?rest_route=%2Fwp%2Fv2%2Fcomments&post=10"}],"version-history":[{"count":7,"href":"https:\/\/www.yvonne.photo\/index.php?rest_route=\/wp\/v2\/pages\/10\/revisions"}],"predecessor-version":[{"id":166,"href":"https:\/\/www.yvonne.photo\/index.php?rest_route=\/wp\/v2\/pages\/10\/revisions\/166"}],"wp:featuredmedia":[{"embeddable":true,"href":"https:\/\/www.yvonne.photo\/index.php?rest_route=\/wp\/v2\/media\/46"}],"wp:attachment":[{"href":"https:\/\/www.yvonne.photo\/index.php?rest_route=%2Fwp%2Fv2%2Fmedia&parent=10"}],"curies":[{"name":"wp","href":"https:\/\/api.w.org\/{rel}","templated":true}]}}